{"id":35,"date":"2019-12-18T18:52:34","date_gmt":"2019-12-18T18:52:34","guid":{"rendered":"http:\/\/blog.thepragmatic.xyz\/?page_id=35"},"modified":"2020-05-22T22:21:24","modified_gmt":"2020-05-22T22:21:24","slug":"seguridad-perimetral","status":"publish","type":"page","link":"https:\/\/blog.thepragmatic.xyz\/?page_id=35","title":{"rendered":"Seguridad Perimetral"},"content":{"rendered":"\n<figure class=\"wp-block-image size-large\"><img loading=\"lazy\" width=\"801\" height=\"438\" src=\"http:\/\/blog.thepragmatic.xyz\/wp-content\/uploads\/2020\/03\/IMG-20200311-WA0019.jpg\" alt=\"\" class=\"wp-image-172\" srcset=\"https:\/\/blog.thepragmatic.xyz\/wp-content\/uploads\/2020\/03\/IMG-20200311-WA0019.jpg 801w, https:\/\/blog.thepragmatic.xyz\/wp-content\/uploads\/2020\/03\/IMG-20200311-WA0019-300x164.jpg 300w, https:\/\/blog.thepragmatic.xyz\/wp-content\/uploads\/2020\/03\/IMG-20200311-WA0019-768x420.jpg 768w\" sizes=\"(max-width: 801px) 100vw, 801px\" \/><\/figure>\n\n\n\n<p><em><strong>\u00abEl \u00fanico sistema totalmente seguro es aquel que est\u00e1 apagado, desconectado, guardado en una caja fuerte de titanio, encerrado en un bunker de concreto, rodeado de gas venenoso y cuidado por guardas muy bien armados y pagados. Aun as\u00ed, no apostar\u00eda mi vida por \u00e9l.\u00bb<\/strong><\/em><\/p>\n\n\n\n<p class=\"has-text-align-right\"><em>Profesor Eugene Spaford<\/em><\/p>\n\n\n\n<p><\/p>\n\n\n\n<p>La conciencia sobre la importancia de la seguridad de la informaci\u00f3n viene creciendo los \u00faltimos a\u00f1os y uno de los principales puntos que debe ser cubierto es la monitorizaci\u00f3n y vigilancia a nivel de red. Monitorear los flujos de datos a trav\u00e9s del per\u00edmetro y el tr\u00e1fico entre equipos de nuestra red.<\/p>\n\n\n\n<p><\/p>\n\n\n<ul class=\"lcp_catlist\" id=\"lcp_instance_0\"><li><a href=\"https:\/\/blog.thepragmatic.xyz\/?p=48\">Implementaci\u00f3n de un IDS (Snort)<\/a><\/li><\/ul>\n","protected":false},"excerpt":{"rendered":"<p>\u00abEl \u00fanico sistema totalmente seguro es aquel que est\u00e1 apagado, desconectado, guardado en una caja fuerte de titanio, encerrado en un [&hellip;]<\/p>\n","protected":false},"author":1,"featured_media":0,"parent":0,"menu_order":1,"comment_status":"closed","ping_status":"closed","template":"","meta":[],"_links":{"self":[{"href":"https:\/\/blog.thepragmatic.xyz\/index.php?rest_route=\/wp\/v2\/pages\/35"}],"collection":[{"href":"https:\/\/blog.thepragmatic.xyz\/index.php?rest_route=\/wp\/v2\/pages"}],"about":[{"href":"https:\/\/blog.thepragmatic.xyz\/index.php?rest_route=\/wp\/v2\/types\/page"}],"author":[{"embeddable":true,"href":"https:\/\/blog.thepragmatic.xyz\/index.php?rest_route=\/wp\/v2\/users\/1"}],"replies":[{"embeddable":true,"href":"https:\/\/blog.thepragmatic.xyz\/index.php?rest_route=%2Fwp%2Fv2%2Fcomments&post=35"}],"version-history":[{"count":24,"href":"https:\/\/blog.thepragmatic.xyz\/index.php?rest_route=\/wp\/v2\/pages\/35\/revisions"}],"predecessor-version":[{"id":1066,"href":"https:\/\/blog.thepragmatic.xyz\/index.php?rest_route=\/wp\/v2\/pages\/35\/revisions\/1066"}],"wp:attachment":[{"href":"https:\/\/blog.thepragmatic.xyz\/index.php?rest_route=%2Fwp%2Fv2%2Fmedia&parent=35"}],"curies":[{"name":"wp","href":"https:\/\/api.w.org\/{rel}","templated":true}]}}